{"id":1839,"date":"2025-02-01T19:45:54","date_gmt":"2025-02-01T18:45:54","guid":{"rendered":"https:\/\/claraserva.com\/?page_id=1839"},"modified":"2026-01-21T20:21:36","modified_gmt":"2026-01-21T19:21:36","slug":"interventions","status":"publish","type":"page","link":"https:\/\/claraserva.com\/en\/interventions\/","title":{"rendered":"Interventions"},"content":{"rendered":"<div class=\"wp-block-group alignfull has-contrast-light-background-color has-background has-global-padding is-layout-constrained wp-container-core-group-is-layout-4584d913 wp-block-group-is-layout-constrained\" style=\"margin-top:0;margin-bottom:0;padding-top:var(--wp--preset--spacing--superbspacing-large);padding-right:var(--wp--preset--spacing--superbspacing-small);padding-bottom:var(--wp--preset--spacing--superbspacing-large);padding-left:var(--wp--preset--spacing--superbspacing-small)\">\n<div class=\"wp-block-columns alignwide is-layout-flex wp-container-core-columns-is-layout-25593187 wp-block-columns-is-layout-flex\">\n<div class=\"wp-block-column is-vertically-aligned-top is-layout-flow wp-container-core-column-is-layout-b101977f wp-block-column-is-layout-flow\" style=\"padding-right:0;padding-bottom:0;padding-left:0\">\n<h2 class=\"wp-block-heading has-text-align-center has-text-color has-link-color wp-elements-050af3331f06444305134a4ac433febb\" style=\"color:#c5a059;font-size:clamp(25.014px, 1.563rem + ((1vw - 3.2px) * 1.93), 42px);\">Creative Strategies &amp; Collective Support<\/h2>\n\n\n\n<div style=\"height:80px\" aria-hidden=\"true\" class=\"wp-block-spacer\"><\/div>\n\n\n\n<h2 class=\"wp-block-heading has-text-align-center has-text-color has-link-color wp-elements-80f823b7f22b15facc15cb896201a4e4\" style=\"color:#4a3728;font-size:clamp(14.642px, 0.915rem + ((1vw - 3.2px) * 0.836), 22px);\"><em><em>Creative engineering at the service of human transformation.<\/em><\/em><\/h2>\n<\/div>\n<\/div>\n\n\n\n<p class=\"has-text-color has-link-color wp-elements-f2eb0fd6dfb36bdaf95cc6bef9c0f778\" style=\"color:#4a3728;font-size:clamp(14px, 0.875rem + ((1vw - 3.2px) * 0.227), 16px);\">\"I partner with institutions and organizations to design bespoke programs where art serves as a strategic lever. Combining&nbsp;<strong>art-therapy, coaching, and educational Engineering<\/strong>I guide your teams through complex problem-solving and the development of human potential.\"<\/p>\n<\/div>\n\n\n\n<div class=\"wp-block-group alignfull has-background has-global-padding is-layout-constrained wp-container-core-group-is-layout-129f6e7c wp-block-group-is-layout-constrained\" style=\"background-color:#f9f7f2;margin-top:0;margin-bottom:0;padding-top:var(--wp--preset--spacing--superbspacing-large);padding-right:var(--wp--preset--spacing--superbspacing-small);padding-bottom:var(--wp--preset--spacing--superbspacing-large);padding-left:var(--wp--preset--spacing--superbspacing-small)\">\n<h2 class=\"wp-block-heading has-text-align-left has-text-color has-link-color wp-elements-b21d7a75ed94aec7b5d4ac5e51816b6a\" style=\"color:#c5a059;font-size:clamp(17.905px, 1.119rem + ((1vw - 3.2px) * 1.147), 28px);\">The Approach: Explore \u2022 Feel \u2022 Express<\/h2>\n\n\n\n<div class=\"wp-block-columns is-layout-flex wp-container-core-columns-is-layout-28f84493 wp-block-columns-is-layout-flex\">\n<div class=\"wp-block-column is-layout-flow wp-block-column-is-layout-flow\">\n<div class=\"wp-block-group is-nowrap is-layout-flex wp-container-core-group-is-layout-6c531013 wp-block-group-is-layout-flex\">\n<p class=\"has-contrast-dark-color has-text-color has-link-color wp-elements-79fc392a936806ab5c7b266065d1a448\" style=\"font-size:clamp(14px, 0.875rem + ((1vw - 3.2px) * 0.227), 16px);\">\"More than a session, this is an immersive experience. My method uses&nbsp;<strong>transformative creative frameworks<\/strong>&nbsp;to dissolve blockages, facilitate breakthroughs, and anchor new learning.\"<\/p>\n<\/div>\n<\/div>\n\n\n\n<div class=\"wp-block-column is-layout-flow wp-block-column-is-layout-flow\" style=\"border-style:none;border-width:0px;padding-top:0;padding-right:var(--wp--preset--spacing--superbspacing-xsmall);padding-bottom:0;padding-left:var(--wp--preset--spacing--superbspacing-xsmall)\">\n<figure class=\"wp-block-image aligncenter size-full is-resized has-custom-border\"><img fetchpriority=\"high\" decoding=\"async\" width=\"400\" height=\"381\" src=\"https:\/\/claraserva.com\/wp-content\/uploads\/2026\/01\/photo_format_site_400px.png\" alt=\"\" class=\"has-border-color wp-image-2478\" style=\"border-color:#c5a059;border-width:1px;aspect-ratio:1.049690447635409;width:348px;height:auto\" srcset=\"https:\/\/claraserva.com\/wp-content\/uploads\/2026\/01\/photo_format_site_400px.png 400w, https:\/\/claraserva.com\/wp-content\/uploads\/2026\/01\/photo_format_site_400px-300x286.png 300w, https:\/\/claraserva.com\/wp-content\/uploads\/2026\/01\/photo_format_site_400px-13x12.png 13w\" sizes=\"(max-width: 400px) 100vw, 400px\" \/><\/figure>\n<\/div>\n<\/div>\n<\/div>\n\n\n\n<div class=\"wp-block-group alignfull has-background has-global-padding is-layout-constrained wp-container-core-group-is-layout-129f6e7c wp-block-group-is-layout-constrained\" style=\"background-color:#265c3f;margin-top:0;margin-bottom:0;padding-top:var(--wp--preset--spacing--superbspacing-large);padding-right:var(--wp--preset--spacing--superbspacing-small);padding-bottom:var(--wp--preset--spacing--superbspacing-large);padding-left:var(--wp--preset--spacing--superbspacing-small)\">\n<div class=\"wp-block-columns alignwide is-layout-flex wp-container-core-columns-is-layout-25593187 wp-block-columns-is-layout-flex\">\n<div class=\"wp-block-column is-vertically-aligned-center is-layout-flow wp-container-core-column-is-layout-a1628350 wp-block-column-is-layout-flow\" style=\"padding-top:0;padding-right:0;padding-bottom:0;padding-left:0\">\n<div class=\"wp-block-group is-layout-flow wp-container-core-group-is-layout-ff697075 wp-block-group-is-layout-flow\">\n<h2 class=\"wp-block-heading has-text-align-left has-text-color has-link-color wp-elements-d4e966945413ed114f2700b26f4483ae\" style=\"color:#f9f7f2;font-size:clamp(18.959px, 1.185rem + ((1vw - 3.2px) * 1.255), 30px);\">Strategic Programs &amp; Interventions<\/h2>\n\n\n\n<div style=\"height:17px\" aria-hidden=\"true\" class=\"wp-block-spacer\"><\/div>\n\n\n\n<p class=\"has-text-align-left has-text-color has-superbfont-xsmall-font-size\" style=\"color:#f9f7f2\"><strong>Immersive Seminars &amp; Workshops :<\/strong>&nbsp;2-hour formats designed to initiate a shift in group dynamics.<\/p>\n\n\n\n<p class=\"has-text-color has-link-color has-superbfont-xsmall-font-size wp-elements-934fb29b1073ccdfabf8f8519a40315f\" style=\"color:#f9f7f2\"><strong>Transformation Journeys :<\/strong>&nbsp;Extended programs tailored to meet objectives in mental health, resilience, and creative leadership.<\/p>\n\n\n\n<p class=\"has-text-align-left has-text-color has-superbfont-small-font-size\" style=\"color:#f9f7f2\"><strong>Key Expertise :<\/strong>&nbsp;Emotional intelligence, psychosocial risk prevention, strengthening collective identity.<\/p>\n<\/div>\n<\/div>\n<\/div>\n<\/div>\n\n\n\n<div class=\"wp-block-group alignfull has-background has-global-padding is-layout-constrained wp-container-core-group-is-layout-129f6e7c wp-block-group-is-layout-constrained\" style=\"background-color:#f9f7f2;margin-top:0;margin-bottom:0;padding-top:var(--wp--preset--spacing--superbspacing-large);padding-right:var(--wp--preset--spacing--superbspacing-small);padding-bottom:var(--wp--preset--spacing--superbspacing-large);padding-left:var(--wp--preset--spacing--superbspacing-small)\">\n<div class=\"wp-block-columns alignwide is-layout-flex wp-container-core-columns-is-layout-25593187 wp-block-columns-is-layout-flex\">\n<div class=\"wp-block-column is-vertically-aligned-center is-layout-flow wp-container-core-column-is-layout-a1628350 wp-block-column-is-layout-flow\" style=\"padding-top:0;padding-right:0;padding-bottom:0;padding-left:0\">\n<div class=\"wp-block-group is-layout-flow wp-container-core-group-is-layout-ff697075 wp-block-group-is-layout-flow\">\n<h2 class=\"wp-block-heading has-text-align-left has-text-color has-link-color has-superbfont-xlarge-font-size wp-elements-d1af4f848b011807fc5364110fd02ee1\" style=\"color:#c5a059\">Keynotes &amp; Training Engineering<\/h2>\n\n\n\n<div style=\"height:28px\" aria-hidden=\"true\" class=\"wp-block-spacer\"><\/div>\n\n\n\n<p class=\"has-text-color has-link-color wp-elements-0ba8a358083ded5d886ab6e71a5fc021\" style=\"color:#4a3728\">\"I support organizations in their global vision of well-being and performance through inspiring transmission. I am currently developing&nbsp;<strong>digital training solutions<\/strong>&nbsp;to bring these transformative tools beyond in-person sessions.\"<\/p>\n\n\n\n<div style=\"height:66px\" aria-hidden=\"true\" class=\"wp-block-spacer\"><\/div>\n\n\n\n<div class=\"wp-block-buttons is-content-justification-center is-layout-flex wp-container-core-buttons-is-layout-a89b3969 wp-block-buttons-is-layout-flex\">\n<div class=\"wp-block-button\"><a class=\"wp-block-button__link has-text-color has-background has-link-color wp-element-button\" href=\"https:\/\/claraserva.com\/en\/contact\/\" style=\"color:#f9f7f2;background-color:#c5a059\">LET\u2019S CO-CREATE YOUR PROJECT<\/a><\/div>\n<\/div>\n<\/div>\n<\/div>\n<\/div>\n<\/div>\n\n\n\n<p><\/p>","protected":false},"excerpt":{"rendered":"<p>Strat\u00e9gies Cr\u00e9atives &amp; Accompagnements Collectifs L\u2019ing\u00e9nierie cr\u00e9ative au service de la transformation humaine. \u00ab\u00a0J\u2019interviens aupr\u00e8s des institutions et des entreprises pour concevoir des programmes sur mesure o\u00f9 l&rsquo;art devient un levier strat\u00e9gique. Alliant&nbsp;art-th\u00e9rapie, coaching et ing\u00e9nierie de formation, j&rsquo;accompagne vos groupes dans la r\u00e9solution de probl\u00e9matiques complexes et le d\u00e9veloppement du potentiel humain.\u00a0\u00bb L&rsquo;Approche : [&hellip;]<\/p>\n","protected":false},"author":1,"featured_media":0,"parent":0,"menu_order":0,"comment_status":"closed","ping_status":"closed","template":"","meta":{"episode_type":"","audio_file":"","podmotor_file_id":"","podmotor_episode_id":"","cover_image":"","cover_image_id":"","duration":"","filesize":"","filesize_raw":"","date_recorded":"","explicit":"","block":"","itunes_episode_number":"","itunes_title":"","itunes_season_number":"","itunes_episode_type":"","footnotes":""},"class_list":["post-1839","page","type-page","status-publish","hentry"],"yoast_head":"<!-- This site is optimized with the Yoast SEO plugin v27.5 - https:\/\/yoast.com\/product\/yoast-seo-wordpress\/ -->\n<title>Interventions - Clara Serva<\/title>\n<meta name=\"description\" content=\"Proposez \u00e0 votre public des ateliers cr\u00e9atifs et interventions sur mesure pour lib\u00e9rer la parole, renforcer la coh\u00e9sion et pr\u00e9venir les probl\u00e9matiques sociales.\" \/>\n<meta name=\"robots\" content=\"index, follow, max-snippet:-1, max-image-preview:large, max-video-preview:-1\" \/>\n<link rel=\"canonical\" href=\"https:\/\/claraserva.com\/en\/interventions\/\" \/>\n<meta property=\"og:locale\" content=\"en_GB\" \/>\n<meta property=\"og:type\" content=\"article\" \/>\n<meta property=\"og:title\" content=\"Interventions - Clara Serva\" \/>\n<meta property=\"og:description\" content=\"Proposez \u00e0 votre public des ateliers cr\u00e9atifs et interventions sur mesure pour lib\u00e9rer la parole, renforcer la coh\u00e9sion et pr\u00e9venir les probl\u00e9matiques sociales.\" \/>\n<meta property=\"og:url\" content=\"https:\/\/claraserva.com\/en\/interventions\/\" \/>\n<meta property=\"og:site_name\" content=\"Clara Serva\" \/>\n<meta property=\"article:modified_time\" content=\"2026-01-21T19:21:36+00:00\" \/>\n<meta property=\"og:image\" content=\"https:\/\/claraserva.com\/wp-content\/uploads\/2026\/01\/photo_format_site_400px.png\" \/>\n\t<meta property=\"og:image:width\" content=\"400\" \/>\n\t<meta property=\"og:image:height\" content=\"381\" \/>\n\t<meta property=\"og:image:type\" content=\"image\/png\" \/>\n<meta name=\"twitter:card\" content=\"summary_large_image\" \/>\n<meta name=\"twitter:label1\" content=\"Estimated reading time\" \/>\n\t<meta name=\"twitter:data1\" content=\"2 minutes\" \/>\n<script type=\"application\/ld+json\" class=\"yoast-schema-graph\">{\"@context\":\"https:\\\/\\\/schema.org\",\"@graph\":[{\"@type\":\"WebPage\",\"@id\":\"https:\\\/\\\/claraserva.com\\\/interventions\\\/\",\"url\":\"https:\\\/\\\/claraserva.com\\\/interventions\\\/\",\"name\":\"Interventions - Clara Serva\",\"isPartOf\":{\"@id\":\"https:\\\/\\\/claraserva.com\\\/#website\"},\"primaryImageOfPage\":{\"@id\":\"https:\\\/\\\/claraserva.com\\\/interventions\\\/#primaryimage\"},\"image\":{\"@id\":\"https:\\\/\\\/claraserva.com\\\/interventions\\\/#primaryimage\"},\"thumbnailUrl\":\"https:\\\/\\\/claraserva.com\\\/wp-content\\\/uploads\\\/2026\\\/01\\\/photo_format_site_400px.png\",\"datePublished\":\"2025-02-01T18:45:54+00:00\",\"dateModified\":\"2026-01-21T19:21:36+00:00\",\"description\":\"Proposez \u00e0 votre public des ateliers cr\u00e9atifs et interventions sur mesure pour lib\u00e9rer la parole, renforcer la coh\u00e9sion et pr\u00e9venir les probl\u00e9matiques sociales.\",\"breadcrumb\":{\"@id\":\"https:\\\/\\\/claraserva.com\\\/interventions\\\/#breadcrumb\"},\"inLanguage\":\"en-GB\",\"potentialAction\":[{\"@type\":\"ReadAction\",\"target\":[\"https:\\\/\\\/claraserva.com\\\/interventions\\\/\"]}]},{\"@type\":\"ImageObject\",\"inLanguage\":\"en-GB\",\"@id\":\"https:\\\/\\\/claraserva.com\\\/interventions\\\/#primaryimage\",\"url\":\"https:\\\/\\\/claraserva.com\\\/wp-content\\\/uploads\\\/2026\\\/01\\\/photo_format_site_400px.png\",\"contentUrl\":\"https:\\\/\\\/claraserva.com\\\/wp-content\\\/uploads\\\/2026\\\/01\\\/photo_format_site_400px.png\"},{\"@type\":\"BreadcrumbList\",\"@id\":\"https:\\\/\\\/claraserva.com\\\/interventions\\\/#breadcrumb\",\"itemListElement\":[{\"@type\":\"ListItem\",\"position\":1,\"name\":\"Accueil\",\"item\":\"https:\\\/\\\/claraserva.com\\\/\"},{\"@type\":\"ListItem\",\"position\":2,\"name\":\"Interventions\"}]},{\"@type\":\"WebSite\",\"@id\":\"https:\\\/\\\/claraserva.com\\\/#website\",\"url\":\"https:\\\/\\\/claraserva.com\\\/\",\"name\":\"Clara Serva\",\"description\":\"Explore, Feel, Express\",\"publisher\":{\"@id\":\"https:\\\/\\\/claraserva.com\\\/#\\\/schema\\\/person\\\/b1210e33538066752ac38fd6dd9520bc\"},\"potentialAction\":[{\"@type\":\"SearchAction\",\"target\":{\"@type\":\"EntryPoint\",\"urlTemplate\":\"https:\\\/\\\/claraserva.com\\\/?s={search_term_string}\"},\"query-input\":{\"@type\":\"PropertyValueSpecification\",\"valueRequired\":true,\"valueName\":\"search_term_string\"}}],\"inLanguage\":\"en-GB\"},{\"@type\":[\"Person\",\"Organization\"],\"@id\":\"https:\\\/\\\/claraserva.com\\\/#\\\/schema\\\/person\\\/b1210e33538066752ac38fd6dd9520bc\",\"name\":\"Clara Serva\",\"image\":{\"@type\":\"ImageObject\",\"inLanguage\":\"en-GB\",\"@id\":\"https:\\\/\\\/claraserva.com\\\/wp-content\\\/uploads\\\/2025\\\/04\\\/vignette-site-.png\",\"url\":\"https:\\\/\\\/claraserva.com\\\/wp-content\\\/uploads\\\/2025\\\/04\\\/vignette-site-.png\",\"contentUrl\":\"https:\\\/\\\/claraserva.com\\\/wp-content\\\/uploads\\\/2025\\\/04\\\/vignette-site-.png\",\"width\":1080,\"height\":1080,\"caption\":\"Clara Serva\"},\"logo\":{\"@id\":\"https:\\\/\\\/claraserva.com\\\/wp-content\\\/uploads\\\/2025\\\/04\\\/vignette-site-.png\"},\"sameAs\":[\"http:\\\/\\\/claraserva.com\"]}]}<\/script>\n<!-- \/ Yoast SEO plugin. -->","yoast_head_json":{"title":"Interventions - Clara Serva","description":"Proposez \u00e0 votre public des ateliers cr\u00e9atifs et interventions sur mesure pour lib\u00e9rer la parole, renforcer la coh\u00e9sion et pr\u00e9venir les probl\u00e9matiques sociales.","robots":{"index":"index","follow":"follow","max-snippet":"max-snippet:-1","max-image-preview":"max-image-preview:large","max-video-preview":"max-video-preview:-1"},"canonical":"https:\/\/claraserva.com\/en\/interventions\/","og_locale":"en_GB","og_type":"article","og_title":"Interventions - Clara Serva","og_description":"Proposez \u00e0 votre public des ateliers cr\u00e9atifs et interventions sur mesure pour lib\u00e9rer la parole, renforcer la coh\u00e9sion et pr\u00e9venir les probl\u00e9matiques sociales.","og_url":"https:\/\/claraserva.com\/en\/interventions\/","og_site_name":"Clara Serva","article_modified_time":"2026-01-21T19:21:36+00:00","og_image":[{"width":400,"height":381,"url":"https:\/\/claraserva.com\/wp-content\/uploads\/2026\/01\/photo_format_site_400px.png","type":"image\/png"}],"twitter_card":"summary_large_image","twitter_misc":{"Estimated reading time":"2 minutes"},"schema":{"@context":"https:\/\/schema.org","@graph":[{"@type":"WebPage","@id":"https:\/\/claraserva.com\/interventions\/","url":"https:\/\/claraserva.com\/interventions\/","name":"Interventions - Clara Serva","isPartOf":{"@id":"https:\/\/claraserva.com\/#website"},"primaryImageOfPage":{"@id":"https:\/\/claraserva.com\/interventions\/#primaryimage"},"image":{"@id":"https:\/\/claraserva.com\/interventions\/#primaryimage"},"thumbnailUrl":"https:\/\/claraserva.com\/wp-content\/uploads\/2026\/01\/photo_format_site_400px.png","datePublished":"2025-02-01T18:45:54+00:00","dateModified":"2026-01-21T19:21:36+00:00","description":"Proposez \u00e0 votre public des ateliers cr\u00e9atifs et interventions sur mesure pour lib\u00e9rer la parole, renforcer la coh\u00e9sion et pr\u00e9venir les probl\u00e9matiques sociales.","breadcrumb":{"@id":"https:\/\/claraserva.com\/interventions\/#breadcrumb"},"inLanguage":"en-GB","potentialAction":[{"@type":"ReadAction","target":["https:\/\/claraserva.com\/interventions\/"]}]},{"@type":"ImageObject","inLanguage":"en-GB","@id":"https:\/\/claraserva.com\/interventions\/#primaryimage","url":"https:\/\/claraserva.com\/wp-content\/uploads\/2026\/01\/photo_format_site_400px.png","contentUrl":"https:\/\/claraserva.com\/wp-content\/uploads\/2026\/01\/photo_format_site_400px.png"},{"@type":"BreadcrumbList","@id":"https:\/\/claraserva.com\/interventions\/#breadcrumb","itemListElement":[{"@type":"ListItem","position":1,"name":"Accueil","item":"https:\/\/claraserva.com\/"},{"@type":"ListItem","position":2,"name":"Interventions"}]},{"@type":"WebSite","@id":"https:\/\/claraserva.com\/#website","url":"https:\/\/claraserva.com\/","name":"Clara Serva","description":"Explore, Feel, Express","publisher":{"@id":"https:\/\/claraserva.com\/#\/schema\/person\/b1210e33538066752ac38fd6dd9520bc"},"potentialAction":[{"@type":"SearchAction","target":{"@type":"EntryPoint","urlTemplate":"https:\/\/claraserva.com\/?s={search_term_string}"},"query-input":{"@type":"PropertyValueSpecification","valueRequired":true,"valueName":"search_term_string"}}],"inLanguage":"en-GB"},{"@type":["Person","Organization"],"@id":"https:\/\/claraserva.com\/#\/schema\/person\/b1210e33538066752ac38fd6dd9520bc","name":"Clara Serva","image":{"@type":"ImageObject","inLanguage":"en-GB","@id":"https:\/\/claraserva.com\/wp-content\/uploads\/2025\/04\/vignette-site-.png","url":"https:\/\/claraserva.com\/wp-content\/uploads\/2025\/04\/vignette-site-.png","contentUrl":"https:\/\/claraserva.com\/wp-content\/uploads\/2025\/04\/vignette-site-.png","width":1080,"height":1080,"caption":"Clara Serva"},"logo":{"@id":"https:\/\/claraserva.com\/wp-content\/uploads\/2025\/04\/vignette-site-.png"},"sameAs":["http:\/\/claraserva.com"]}]}},"_links":{"self":[{"href":"https:\/\/claraserva.com\/en\/wp-json\/wp\/v2\/pages\/1839","targetHints":{"allow":["GET"]}}],"collection":[{"href":"https:\/\/claraserva.com\/en\/wp-json\/wp\/v2\/pages"}],"about":[{"href":"https:\/\/claraserva.com\/en\/wp-json\/wp\/v2\/types\/page"}],"author":[{"embeddable":true,"href":"https:\/\/claraserva.com\/en\/wp-json\/wp\/v2\/users\/1"}],"replies":[{"embeddable":true,"href":"https:\/\/claraserva.com\/en\/wp-json\/wp\/v2\/comments?post=1839"}],"version-history":[{"count":9,"href":"https:\/\/claraserva.com\/en\/wp-json\/wp\/v2\/pages\/1839\/revisions"}],"predecessor-version":[{"id":2590,"href":"https:\/\/claraserva.com\/en\/wp-json\/wp\/v2\/pages\/1839\/revisions\/2590"}],"wp:attachment":[{"href":"https:\/\/claraserva.com\/en\/wp-json\/wp\/v2\/media?parent=1839"}],"curies":[{"name":"wp","href":"https:\/\/api.w.org\/{rel}","templated":true}]}}