{"id":2074,"date":"2025-05-23T23:15:57","date_gmt":"2025-05-23T21:15:57","guid":{"rendered":"https:\/\/claraserva.com\/?page_id=2074"},"modified":"2026-01-21T20:22:50","modified_gmt":"2026-01-21T19:22:50","slug":"livre","status":"publish","type":"page","link":"https:\/\/claraserva.com\/en\/livre\/","title":{"rendered":"Book"},"content":{"rendered":"<div class=\"wp-block-group alignfull has-background has-global-padding is-layout-constrained wp-container-core-group-is-layout-129f6e7c wp-block-group-is-layout-constrained\" style=\"background-color:#f9f7f2;margin-top:0;margin-bottom:0;padding-top:var(--wp--preset--spacing--superbspacing-large);padding-right:var(--wp--preset--spacing--superbspacing-small);padding-bottom:var(--wp--preset--spacing--superbspacing-large);padding-left:var(--wp--preset--spacing--superbspacing-small)\">\n<div class=\"wp-block-columns alignwide is-layout-flex wp-container-core-columns-is-layout-25593187 wp-block-columns-is-layout-flex\">\n<div class=\"wp-block-column is-vertically-aligned-center is-layout-flow wp-container-core-column-is-layout-a1628350 wp-block-column-is-layout-flow\" style=\"padding-top:0;padding-right:0;padding-bottom:0;padding-left:0\">\n<div class=\"wp-block-group is-layout-flow wp-container-core-group-is-layout-ff697075 wp-block-group-is-layout-flow\">\n<h1 class=\"wp-block-heading has-text-align-left has-text-color has-link-color has-fontprimary-font-family wp-elements-4f9b63160a303159ea22fd5588fb60a6\" style=\"color:#c5a059;font-size:clamp(39.963px, 2.498rem + ((1vw - 3.2px) * 3.981), 75px);\"><strong>Back to self<\/strong><\/h1>\n\n\n\n<h2 class=\"wp-block-heading has-text-color has-link-color wp-elements-ef00a86717f3541351062799a7261e94\" style=\"color:#265c3f;font-size:clamp(15.747px, 0.984rem + ((1vw - 3.2px) * 0.938), 24px);font-style:normal;font-weight:100\"><em>\"Stop living in your own shadow: An immersion to liberate your true expression.\"<\/em><\/h2>\n<\/div>\n\n\n\n<h5 class=\"wp-block-heading has-text-color has-link-color has-superbfont-small-font-size wp-elements-d4369a27c46d11762adeb8051d949b8f\" style=\"color:#4a3728;font-style:normal;font-weight:200\">\"An inner journey blending Spoken Word and Creative Therapy, where my lived experience and expertise unite to guide you back to your authentic self.\"<\/h5>\n<\/div>\n\n\n\n<div class=\"wp-block-column is-vertically-aligned-center is-layout-flow wp-container-core-column-is-layout-40a2a7e8 wp-block-column-is-layout-flow\" style=\"padding-right:0;padding-bottom:0;padding-left:0\">\n<figure class=\"wp-block-image size-large has-custom-border\"><img fetchpriority=\"high\" decoding=\"async\" width=\"1024\" height=\"796\" src=\"https:\/\/claraserva.com\/wp-content\/uploads\/2025\/06\/mediamodifier_image-1024x796.png\" alt=\"\" class=\"wp-image-2134\" style=\"border-radius:0px\" srcset=\"https:\/\/claraserva.com\/wp-content\/uploads\/2025\/06\/mediamodifier_image-1024x796.png 1024w, https:\/\/claraserva.com\/wp-content\/uploads\/2025\/06\/mediamodifier_image-300x233.png 300w, https:\/\/claraserva.com\/wp-content\/uploads\/2025\/06\/mediamodifier_image-768x597.png 768w, https:\/\/claraserva.com\/wp-content\/uploads\/2025\/06\/mediamodifier_image-1536x1195.png 1536w, https:\/\/claraserva.com\/wp-content\/uploads\/2025\/06\/mediamodifier_image-15x12.png 15w, https:\/\/claraserva.com\/wp-content\/uploads\/2025\/06\/mediamodifier_image.png 1800w\" sizes=\"(max-width: 1024px) 100vw, 1024px\" \/><\/figure>\n<\/div>\n<\/div>\n\n\n\n<div style=\"height:0px\" aria-hidden=\"true\" class=\"wp-block-spacer\"><\/div>\n<\/div>\n\n\n\n<div class=\"wp-block-group alignfull has-background has-global-padding is-layout-constrained wp-container-core-group-is-layout-e49f5c6f wp-block-group-is-layout-constrained\" style=\"background-color:#265c3f;margin-top:0;margin-bottom:0;padding-top:120px;padding-right:var(--wp--preset--spacing--superbspacing-small);padding-bottom:120px;padding-left:var(--wp--preset--spacing--superbspacing-small)\">\n<div style=\"height:69px\" aria-hidden=\"true\" class=\"wp-block-spacer\"><\/div>\n\n\n\n<p class=\"has-text-align-center has-text-color has-link-color wp-elements-20d314898773c35a5ab143c1e41f6a59\" style=\"color:#f9f7f2;padding-top:var(--wp--preset--spacing--superbspacing-medium);padding-right:var(--wp--preset--spacing--superbspacing-xsmall);padding-bottom:var(--wp--preset--spacing--superbspacing-medium);padding-left:var(--wp--preset--spacing--superbspacing-xsmall);font-size:clamp(14px, 0.875rem + ((1vw - 3.2px) * 0.682), 20px);line-height:1.6\">\"I wrote this book because I know what it means to wake up one day and no longer recognize the person in the mirror of your own life. I wrote it for the woman who has given everything, her time, her energy, her focus, until she has completely faded away. Whether you are exhausted by societal expectations or a career that no longer feels meaningful, this guide is a space to breathe again.\"<\/p>\n\n\n\n<div style=\"height:54px\" aria-hidden=\"true\" class=\"wp-block-spacer\"><\/div>\n<\/div>\n\n\n\n<div class=\"wp-block-group alignfull has-white-color has-text-color has-background has-link-color wp-elements-0b3c211e34060ed5a5efff23046a689d has-global-padding is-layout-constrained wp-container-core-group-is-layout-129f6e7c wp-block-group-is-layout-constrained\" style=\"background-color:#f9f7f2;margin-top:0;margin-bottom:0;padding-top:var(--wp--preset--spacing--superbspacing-large);padding-right:var(--wp--preset--spacing--superbspacing-small);padding-bottom:var(--wp--preset--spacing--superbspacing-large);padding-left:var(--wp--preset--spacing--superbspacing-small)\">\n<div class=\"wp-block-columns alignwide is-layout-flex wp-container-core-columns-is-layout-25593187 wp-block-columns-is-layout-flex\">\n<div class=\"wp-block-column is-vertically-aligned-center is-layout-flow wp-container-core-column-is-layout-a1628350 wp-block-column-is-layout-flow\" style=\"padding-top:0;padding-right:0;padding-bottom:0;padding-left:0\">\n<div class=\"wp-block-group is-layout-flow wp-container-core-group-is-layout-ff697075 wp-block-group-is-layout-flow\">\n<h1 class=\"wp-block-heading has-text-align-left has-text-color has-link-color wp-elements-d867bf887bcb42d365712a57d8b9645b\" style=\"color:#265c3f;font-size:clamp(25.014px, 1.563rem + ((1vw - 3.2px) * 1.93), 42px);\">This journey is dedicated to those who\u2026<\/h1>\n\n\n\n<p class=\"has-text-color has-link-color has-superbfont-small-font-size wp-elements-7557c696c6721fe76d4910249164451f\" style=\"color:#4a3728\"><strong>Key points :<\/strong><\/p>\n\n\n\n<ol class=\"wp-block-list\">\n<li class=\"has-text-color has-link-color has-superbfont-small-font-size wp-elements-b91ea3869bb8f2247917993efb4f17d7\" style=\"color:#4a3728\"><strong>\"Have lost touch with their own joy and unique creativity.\"<\/strong><\/li>\n\n\n\n<li class=\"has-text-color has-link-color has-superbfont-small-font-size wp-elements-18ad4c29a51beb352116b928466a0a93\" style=\"color:#4a3728\"><strong>\"Feel empty despite outward success and 'checked boxes.\"<\/strong><\/li>\n\n\n\n<li class=\"has-text-color has-link-color has-superbfont-small-font-size wp-elements-aeaa2c8a59a50003c15de62dcfcccbff\" style=\"color:#4a3728\"><strong>\"Carry the weight of social norms and fear disappointing others by simply being themselves.\"<\/strong><\/li>\n<\/ol>\n<\/div>\n<\/div>\n<\/div>\n<\/div>\n\n\n\n<div class=\"wp-block-group alignfull has-background has-global-padding is-layout-constrained wp-container-core-group-is-layout-129f6e7c wp-block-group-is-layout-constrained\" style=\"background-color:#f9f7f2;margin-top:0;margin-bottom:0;padding-top:var(--wp--preset--spacing--superbspacing-large);padding-right:var(--wp--preset--spacing--superbspacing-small);padding-bottom:var(--wp--preset--spacing--superbspacing-large);padding-left:var(--wp--preset--spacing--superbspacing-small)\">\n<h2 class=\"wp-block-heading has-text-color has-link-color has-superbfont-xxsmall-font-size wp-elements-c159b153a73612a85044946d75219903\" style=\"color:#4a3728;letter-spacing:2px\">THE EXPLORE \u2013 FEEL \u2013 EXPRESS\u2122 METHOD<\/h2>\n\n\n\n<div class=\"wp-block-columns alignwide is-layout-flex wp-container-core-columns-is-layout-25593187 wp-block-columns-is-layout-flex\">\n<div class=\"wp-block-column is-vertically-aligned-center is-layout-flow wp-container-core-column-is-layout-a1628350 wp-block-column-is-layout-flow\" style=\"padding-top:0;padding-right:0;padding-bottom:0;padding-left:0\">\n<div class=\"wp-block-group is-layout-flow wp-container-core-group-is-layout-ff697075 wp-block-group-is-layout-flow\">\n<h1 class=\"wp-block-heading has-text-align-left has-text-color has-link-color wp-elements-0e84c465e78ab064757533765cc440bc\" style=\"color:#265c3f;font-size:clamp(25.014px, 1.563rem + ((1vw - 3.2px) * 1.93), 42px);\">Transform your exhaustion into creative power.<\/h1>\n\n\n\n<p class=\"has-text-align-left has-text-color has-superbfont-small-font-size\" style=\"color:#4a3728\">The pillars of your journey:<\/p>\n\n\n\n<p class=\"has-text-color has-superbfont-small-font-size\" style=\"color:#4a3728;line-height:3\">\u2728&nbsp;<strong>Spoken Words :<\/strong>&nbsp;Vibrant texts designed to bypass the intellect and deeply touch the soul.<\/p>\n\n\n\n<p class=\"has-text-color has-superbfont-small-font-size\" style=\"color:#4a3728;line-height:3\">\u2728&nbsp;<strong>Therapy Creative :<\/strong>&nbsp;30 practical exercises to release what cannot be expressed through simple words.<\/p>\n\n\n\n<p class=\"has-text-color has-superbfont-small-font-size\" style=\"color:#4a3728;line-height:3\">\u2728&nbsp;<strong>Exclusive Resources :<\/strong>&nbsp;Privileged access to downloadable tools to durably anchor your rebirth into your daily life.<\/p>\n<\/div>\n<\/div>\n<\/div>\n<\/div>\n\n\n\n<div class=\"wp-block-group alignfull has-background has-global-padding is-layout-constrained wp-container-core-group-is-layout-129f6e7c wp-block-group-is-layout-constrained\" style=\"background-color:#f9f7f2;margin-top:0;margin-bottom:0;padding-top:var(--wp--preset--spacing--superbspacing-large);padding-right:var(--wp--preset--spacing--superbspacing-small);padding-bottom:var(--wp--preset--spacing--superbspacing-large);padding-left:var(--wp--preset--spacing--superbspacing-small)\">\n<div class=\"wp-block-columns alignwide is-layout-flex wp-container-core-columns-is-layout-25593187 wp-block-columns-is-layout-flex\">\n<div class=\"wp-block-column is-vertically-aligned-center is-layout-flow wp-container-core-column-is-layout-a1628350 wp-block-column-is-layout-flow\" style=\"padding-top:0;padding-right:0;padding-bottom:0;padding-left:0\">\n<div class=\"wp-block-group is-layout-flow wp-container-core-group-is-layout-ff697075 wp-block-group-is-layout-flow\">\n<h1 class=\"wp-block-heading has-text-align-center has-text-color has-link-color has-superbfont-xlarge-font-size wp-elements-e377d4a7029e16e02f4061e9db625a82\" style=\"color:#c5a059;line-height:1.7\">\"You were not born to hide. You were born to shine.\"<\/h1>\n<\/div>\n\n\n\n<div style=\"height:40px\" aria-hidden=\"true\" class=\"wp-block-spacer\"><\/div>\n\n\n\n<h2 class=\"wp-block-heading has-text-align-center has-text-color has-link-color has-superbfont-small-font-size wp-elements-f7581140dda6092af866143a028c343b\" style=\"color:#4a3728\">The complete immersion: <\/h2>\n\n\n\n<p class=\"has-text-align-center has-text-color has-link-color has-superbfont-large-font-size wp-elements-817e2fc2e4f0134dc3ac7daf2a7275f6\" style=\"color:#c5a059\"><strong>17 \u20ac<\/strong><\/p>\n\n\n\n<div class=\"wp-block-group is-layout-flow wp-container-core-group-is-layout-ff697075 wp-block-group-is-layout-flow\">\n<div style=\"height:58px\" aria-hidden=\"true\" class=\"wp-block-spacer\"><\/div>\n\n\n\n<div class=\"wp-block-columns is-layout-flex wp-container-core-columns-is-layout-28f84493 wp-block-columns-is-layout-flex\">\n<div class=\"wp-block-column is-layout-flow wp-block-column-is-layout-flow\">\n<h2 class=\"wp-block-heading has-text-align-center has-text-color has-background has-link-color has-superbfont-xsmall-font-size wp-elements-81629faa8bb3c2e48e8ac85ef023425e\" style=\"border-width:1px;color:#f9f7f2;background-color:#c5a059\"><a href=\"https:\/\/ko-fi.com\/s\/df8bd6fa30\">\ud83c\uddeb\ud83c\uddf7&nbsp;Ebook \u00c9dition Fran\u00e7aise<\/a><\/h2>\n\n\n\n<div class=\"wp-block-columns is-layout-flex wp-container-core-columns-is-layout-28f84493 wp-block-columns-is-layout-flex\">\n<div class=\"wp-block-column is-layout-flow wp-block-column-is-layout-flow\">\n<p class=\"has-text-align-left\">+ <a href=\"https:\/\/claraserva.com\/en\/bonus-membres\/\">ressources t\u00e9l\u00e9chargeables<\/a><\/p>\n<\/div>\n<\/div>\n<\/div>\n\n\n\n<div class=\"wp-block-column is-layout-flow wp-block-column-is-layout-flow\">\n<h2 class=\"wp-block-heading has-text-align-center has-text-color has-background has-link-color has-superbfont-xsmall-font-size wp-elements-d737ab68551fcca24aa60fa1f159226d\" style=\"border-width:1px;color:#f9f7f2;background-color:#c5a059\"><a href=\"https:\/\/ko-fi.com\/s\/66dc20fb41\">\ud83c\uddec\ud83c\udde7&nbsp;Ebook English Edition<\/a><\/h2>\n\n\n\n<div class=\"wp-block-columns is-layout-flex wp-container-core-columns-is-layout-28f84493 wp-block-columns-is-layout-flex\">\n<div class=\"wp-block-column is-layout-flow wp-block-column-is-layout-flow\">\n<p class=\"has-text-align-left\">+ <a href=\"https:\/\/claraserva.com\/en\/bonus-membres\/\">downloadable resources<\/a><\/p>\n<\/div>\n<\/div>\n<\/div>\n<\/div>\n<\/div>\n<\/div>\n<\/div>\n\n\n\n<h2 class=\"wp-block-heading has-text-color has-link-color has-superbfont-xxsmall-font-size wp-elements-6e52814c397f78de7d9818915e57d96e\" style=\"color:#4a3728;font-style:normal;font-weight:100\">\ud83d\udd12 100% Secure Payment. Clicking below will take you to my Ko-fi page to finalize your order.<\/h2>\n<\/div>\n\n\n\n<p><\/p>","protected":false},"excerpt":{"rendered":"<p>Rena\u00eetre \u00e0 soi \u00ab\u00a0Cesser d&rsquo;\u00eatre l&rsquo;ombre de soi-m\u00eame : Une immersion pour lib\u00e9rer votre expression v\u00e9ritable.\u00a0\u00bb Un voyage int\u00e9rieur entre&nbsp;Spoken Words&nbsp;et Th\u00e9rapie Cr\u00e9ative, o\u00f9 mon v\u00e9cu et mon expertise s&rsquo;unissent pour vous ramener \u00e0 votre \u00eatre authentique. \u00ab\u00a0J\u2019ai \u00e9crit ce livre parce que je sais ce que signifie se r\u00e9veiller un jour et ne plus [&hellip;]<\/p>\n","protected":false},"author":1,"featured_media":0,"parent":0,"menu_order":0,"comment_status":"closed","ping_status":"closed","template":"","meta":{"episode_type":"","audio_file":"","podmotor_file_id":"","podmotor_episode_id":"","cover_image":"","cover_image_id":"","duration":"","filesize":"","filesize_raw":"","date_recorded":"","explicit":"","block":"","itunes_episode_number":"","itunes_title":"","itunes_season_number":"","itunes_episode_type":"","footnotes":""},"class_list":["post-2074","page","type-page","status-publish","hentry"],"yoast_head":"<!-- This site is optimized with the Yoast SEO plugin v27.5 - https:\/\/yoast.com\/product\/yoast-seo-wordpress\/ -->\n<title>Livre - Clara Serva<\/title>\n<meta name=\"description\" content=\"Un livre puissant pour te lib\u00e9rer, te retrouver et rena\u00eetre \u00e0 toi-m\u00eame. 7 \u00e9tapes vers une vie align\u00e9e \u00e0 ton \u00eatre authentique.\" \/>\n<meta name=\"robots\" content=\"index, follow, max-snippet:-1, max-image-preview:large, max-video-preview:-1\" \/>\n<link rel=\"canonical\" href=\"https:\/\/claraserva.com\/en\/livre\/\" \/>\n<meta property=\"og:locale\" content=\"en_GB\" \/>\n<meta property=\"og:type\" content=\"article\" \/>\n<meta property=\"og:title\" content=\"Livre - Clara Serva\" \/>\n<meta property=\"og:description\" content=\"Un livre puissant pour te lib\u00e9rer, te retrouver et rena\u00eetre \u00e0 toi-m\u00eame. 7 \u00e9tapes vers une vie align\u00e9e \u00e0 ton \u00eatre authentique.\" \/>\n<meta property=\"og:url\" content=\"https:\/\/claraserva.com\/en\/livre\/\" \/>\n<meta property=\"og:site_name\" content=\"Clara Serva\" \/>\n<meta property=\"article:modified_time\" content=\"2026-01-21T19:22:50+00:00\" \/>\n<meta property=\"og:image\" content=\"https:\/\/claraserva.com\/wp-content\/uploads\/2025\/06\/mediamodifier_image.png\" \/>\n\t<meta property=\"og:image:width\" content=\"1800\" \/>\n\t<meta property=\"og:image:height\" content=\"1400\" \/>\n\t<meta property=\"og:image:type\" content=\"image\/png\" \/>\n<meta name=\"twitter:card\" content=\"summary_large_image\" \/>\n<meta name=\"twitter:label1\" content=\"Estimated reading time\" \/>\n\t<meta name=\"twitter:data1\" content=\"2 minutes\" \/>\n<script type=\"application\/ld+json\" class=\"yoast-schema-graph\">{\"@context\":\"https:\\\/\\\/schema.org\",\"@graph\":[{\"@type\":\"WebPage\",\"@id\":\"https:\\\/\\\/claraserva.com\\\/livre\\\/\",\"url\":\"https:\\\/\\\/claraserva.com\\\/livre\\\/\",\"name\":\"Livre - Clara Serva\",\"isPartOf\":{\"@id\":\"https:\\\/\\\/claraserva.com\\\/#website\"},\"primaryImageOfPage\":{\"@id\":\"https:\\\/\\\/claraserva.com\\\/livre\\\/#primaryimage\"},\"image\":{\"@id\":\"https:\\\/\\\/claraserva.com\\\/livre\\\/#primaryimage\"},\"thumbnailUrl\":\"https:\\\/\\\/claraserva.com\\\/wp-content\\\/uploads\\\/2025\\\/06\\\/mediamodifier_image-1024x796.png\",\"datePublished\":\"2025-05-23T21:15:57+00:00\",\"dateModified\":\"2026-01-21T19:22:50+00:00\",\"description\":\"Un livre puissant pour te lib\u00e9rer, te retrouver et rena\u00eetre \u00e0 toi-m\u00eame. 7 \u00e9tapes vers une vie align\u00e9e \u00e0 ton \u00eatre authentique.\",\"breadcrumb\":{\"@id\":\"https:\\\/\\\/claraserva.com\\\/livre\\\/#breadcrumb\"},\"inLanguage\":\"en-GB\",\"potentialAction\":[{\"@type\":\"ReadAction\",\"target\":[\"https:\\\/\\\/claraserva.com\\\/livre\\\/\"]}]},{\"@type\":\"ImageObject\",\"inLanguage\":\"en-GB\",\"@id\":\"https:\\\/\\\/claraserva.com\\\/livre\\\/#primaryimage\",\"url\":\"https:\\\/\\\/claraserva.com\\\/wp-content\\\/uploads\\\/2025\\\/06\\\/mediamodifier_image-1024x796.png\",\"contentUrl\":\"https:\\\/\\\/claraserva.com\\\/wp-content\\\/uploads\\\/2025\\\/06\\\/mediamodifier_image-1024x796.png\"},{\"@type\":\"BreadcrumbList\",\"@id\":\"https:\\\/\\\/claraserva.com\\\/livre\\\/#breadcrumb\",\"itemListElement\":[{\"@type\":\"ListItem\",\"position\":1,\"name\":\"Accueil\",\"item\":\"https:\\\/\\\/claraserva.com\\\/\"},{\"@type\":\"ListItem\",\"position\":2,\"name\":\"Livre\"}]},{\"@type\":\"WebSite\",\"@id\":\"https:\\\/\\\/claraserva.com\\\/#website\",\"url\":\"https:\\\/\\\/claraserva.com\\\/\",\"name\":\"Clara Serva\",\"description\":\"Explore, Feel, Express\",\"publisher\":{\"@id\":\"https:\\\/\\\/claraserva.com\\\/#\\\/schema\\\/person\\\/b1210e33538066752ac38fd6dd9520bc\"},\"potentialAction\":[{\"@type\":\"SearchAction\",\"target\":{\"@type\":\"EntryPoint\",\"urlTemplate\":\"https:\\\/\\\/claraserva.com\\\/?s={search_term_string}\"},\"query-input\":{\"@type\":\"PropertyValueSpecification\",\"valueRequired\":true,\"valueName\":\"search_term_string\"}}],\"inLanguage\":\"en-GB\"},{\"@type\":[\"Person\",\"Organization\"],\"@id\":\"https:\\\/\\\/claraserva.com\\\/#\\\/schema\\\/person\\\/b1210e33538066752ac38fd6dd9520bc\",\"name\":\"Clara Serva\",\"image\":{\"@type\":\"ImageObject\",\"inLanguage\":\"en-GB\",\"@id\":\"https:\\\/\\\/claraserva.com\\\/wp-content\\\/uploads\\\/2025\\\/04\\\/vignette-site-.png\",\"url\":\"https:\\\/\\\/claraserva.com\\\/wp-content\\\/uploads\\\/2025\\\/04\\\/vignette-site-.png\",\"contentUrl\":\"https:\\\/\\\/claraserva.com\\\/wp-content\\\/uploads\\\/2025\\\/04\\\/vignette-site-.png\",\"width\":1080,\"height\":1080,\"caption\":\"Clara Serva\"},\"logo\":{\"@id\":\"https:\\\/\\\/claraserva.com\\\/wp-content\\\/uploads\\\/2025\\\/04\\\/vignette-site-.png\"},\"sameAs\":[\"http:\\\/\\\/claraserva.com\"]}]}<\/script>\n<!-- \/ Yoast SEO plugin. -->","yoast_head_json":{"title":"Livre - Clara Serva","description":"Un livre puissant pour te lib\u00e9rer, te retrouver et rena\u00eetre \u00e0 toi-m\u00eame. 7 \u00e9tapes vers une vie align\u00e9e \u00e0 ton \u00eatre authentique.","robots":{"index":"index","follow":"follow","max-snippet":"max-snippet:-1","max-image-preview":"max-image-preview:large","max-video-preview":"max-video-preview:-1"},"canonical":"https:\/\/claraserva.com\/en\/livre\/","og_locale":"en_GB","og_type":"article","og_title":"Livre - Clara Serva","og_description":"Un livre puissant pour te lib\u00e9rer, te retrouver et rena\u00eetre \u00e0 toi-m\u00eame. 7 \u00e9tapes vers une vie align\u00e9e \u00e0 ton \u00eatre authentique.","og_url":"https:\/\/claraserva.com\/en\/livre\/","og_site_name":"Clara Serva","article_modified_time":"2026-01-21T19:22:50+00:00","og_image":[{"width":1800,"height":1400,"url":"https:\/\/claraserva.com\/wp-content\/uploads\/2025\/06\/mediamodifier_image.png","type":"image\/png"}],"twitter_card":"summary_large_image","twitter_misc":{"Estimated reading time":"2 minutes"},"schema":{"@context":"https:\/\/schema.org","@graph":[{"@type":"WebPage","@id":"https:\/\/claraserva.com\/livre\/","url":"https:\/\/claraserva.com\/livre\/","name":"Livre - Clara Serva","isPartOf":{"@id":"https:\/\/claraserva.com\/#website"},"primaryImageOfPage":{"@id":"https:\/\/claraserva.com\/livre\/#primaryimage"},"image":{"@id":"https:\/\/claraserva.com\/livre\/#primaryimage"},"thumbnailUrl":"https:\/\/claraserva.com\/wp-content\/uploads\/2025\/06\/mediamodifier_image-1024x796.png","datePublished":"2025-05-23T21:15:57+00:00","dateModified":"2026-01-21T19:22:50+00:00","description":"Un livre puissant pour te lib\u00e9rer, te retrouver et rena\u00eetre \u00e0 toi-m\u00eame. 7 \u00e9tapes vers une vie align\u00e9e \u00e0 ton \u00eatre authentique.","breadcrumb":{"@id":"https:\/\/claraserva.com\/livre\/#breadcrumb"},"inLanguage":"en-GB","potentialAction":[{"@type":"ReadAction","target":["https:\/\/claraserva.com\/livre\/"]}]},{"@type":"ImageObject","inLanguage":"en-GB","@id":"https:\/\/claraserva.com\/livre\/#primaryimage","url":"https:\/\/claraserva.com\/wp-content\/uploads\/2025\/06\/mediamodifier_image-1024x796.png","contentUrl":"https:\/\/claraserva.com\/wp-content\/uploads\/2025\/06\/mediamodifier_image-1024x796.png"},{"@type":"BreadcrumbList","@id":"https:\/\/claraserva.com\/livre\/#breadcrumb","itemListElement":[{"@type":"ListItem","position":1,"name":"Accueil","item":"https:\/\/claraserva.com\/"},{"@type":"ListItem","position":2,"name":"Livre"}]},{"@type":"WebSite","@id":"https:\/\/claraserva.com\/#website","url":"https:\/\/claraserva.com\/","name":"Clara Serva","description":"Explore, Feel, Express","publisher":{"@id":"https:\/\/claraserva.com\/#\/schema\/person\/b1210e33538066752ac38fd6dd9520bc"},"potentialAction":[{"@type":"SearchAction","target":{"@type":"EntryPoint","urlTemplate":"https:\/\/claraserva.com\/?s={search_term_string}"},"query-input":{"@type":"PropertyValueSpecification","valueRequired":true,"valueName":"search_term_string"}}],"inLanguage":"en-GB"},{"@type":["Person","Organization"],"@id":"https:\/\/claraserva.com\/#\/schema\/person\/b1210e33538066752ac38fd6dd9520bc","name":"Clara Serva","image":{"@type":"ImageObject","inLanguage":"en-GB","@id":"https:\/\/claraserva.com\/wp-content\/uploads\/2025\/04\/vignette-site-.png","url":"https:\/\/claraserva.com\/wp-content\/uploads\/2025\/04\/vignette-site-.png","contentUrl":"https:\/\/claraserva.com\/wp-content\/uploads\/2025\/04\/vignette-site-.png","width":1080,"height":1080,"caption":"Clara Serva"},"logo":{"@id":"https:\/\/claraserva.com\/wp-content\/uploads\/2025\/04\/vignette-site-.png"},"sameAs":["http:\/\/claraserva.com"]}]}},"_links":{"self":[{"href":"https:\/\/claraserva.com\/en\/wp-json\/wp\/v2\/pages\/2074","targetHints":{"allow":["GET"]}}],"collection":[{"href":"https:\/\/claraserva.com\/en\/wp-json\/wp\/v2\/pages"}],"about":[{"href":"https:\/\/claraserva.com\/en\/wp-json\/wp\/v2\/types\/page"}],"author":[{"embeddable":true,"href":"https:\/\/claraserva.com\/en\/wp-json\/wp\/v2\/users\/1"}],"replies":[{"embeddable":true,"href":"https:\/\/claraserva.com\/en\/wp-json\/wp\/v2\/comments?post=2074"}],"version-history":[{"count":15,"href":"https:\/\/claraserva.com\/en\/wp-json\/wp\/v2\/pages\/2074\/revisions"}],"predecessor-version":[{"id":2591,"href":"https:\/\/claraserva.com\/en\/wp-json\/wp\/v2\/pages\/2074\/revisions\/2591"}],"wp:attachment":[{"href":"https:\/\/claraserva.com\/en\/wp-json\/wp\/v2\/media?parent=2074"}],"curies":[{"name":"wp","href":"https:\/\/api.w.org\/{rel}","templated":true}]}}